{"id":41859,"date":"2022-06-14T20:25:15","date_gmt":"2022-06-14T20:25:15","guid":{"rendered":"https:\/\/www.camac-harps.com\/faq-2\/"},"modified":"2022-12-08T10:01:24","modified_gmt":"2022-12-08T10:01:24","slug":"faq-2","status":"publish","type":"page","link":"https:\/\/www.camac-harps.com\/en\/faq-2\/","title":{"rendered":"FAQ"},"content":{"rendered":"<p>La communaut\u00e9 des harpistes est extr\u00eamement cr\u00e9ative, plurielle, soud\u00e9e et solidaire. Les Harpes Camac sont fi\u00e8res de faire partie de cette grande famille. Nous avons \u00e9galement \u00e0 c\u0153ur de nous inscrire dans une d\u00e9marche de respect de l\u2019environnement et de valorisation du magnifique travail de notre personnel.<\/p>\n","protected":false},"excerpt":{"rendered":"<p>La communaut\u00e9 des harpistes est extr\u00eamement cr\u00e9ative, plurielle, soud\u00e9e et solidaire. Les Harpes Camac sont fi\u00e8res de faire partie de cette grande famille. Nous avons \u00e9galement \u00e0 c\u0153ur de nous inscrire dans une d\u00e9marche de respect de l\u2019environnement et de valorisation du magnifique travail de notre personnel.<\/p>\n","protected":false},"author":3,"featured_media":0,"parent":0,"menu_order":27,"comment_status":"closed","ping_status":"closed","template":"","meta":{"_acf_changed":false,"footnotes":""},"class_list":["post-41859","page","type-page","status-publish","hentry"],"acf":[],"yoast_head":"<title>We answer your questions about the harp | Camac Harps<\/title>\n<meta name=\"description\" content=\"The harp can seem mysterious at the beginning! Puzzle no more: Camac Harps explains about harp size, stringing, harps for children, and more.\" \/>\n<meta name=\"robots\" content=\"index, follow, max-snippet:-1, max-image-preview:large, max-video-preview:-1\" \/>\n<link rel=\"canonical\" href=\"https:\/\/www.camac-harps.com\/en\/faq-2\/\" \/>\n<meta property=\"og:locale\" content=\"en_US\" \/>\n<meta property=\"og:type\" content=\"article\" \/>\n<meta property=\"og:title\" content=\"Les Harpes Camac r\u00e9pondent \u00e0 vos questions sur la harpe !\" \/>\n<meta property=\"og:description\" content=\"Parce que la harpe peut \u00eatre un sujet compliqu\u00e9, voici quelques informations sur les types de harpes, leurs cordages, leurs prix, et plus encore.\" \/>\n<meta property=\"og:url\" content=\"https:\/\/www.camac-harps.com\/en\/faq-2\/\" \/>\n<meta property=\"og:site_name\" content=\"Camac Harps\" \/>\n<meta property=\"article:modified_time\" content=\"2022-12-08T10:01:24+00:00\" \/>\n<meta property=\"og:image\" content=\"https:\/\/www.camac-harps.com\/wp-content\/uploads\/2022\/01\/harpesdelocationchoix-1.jpg\" \/>\n\t<meta property=\"og:image:width\" content=\"997\" \/>\n\t<meta property=\"og:image:height\" content=\"751\" \/>\n\t<meta property=\"og:image:type\" content=\"image\/jpeg\" \/>\n<meta name=\"twitter:card\" content=\"summary_large_image\" \/>\n<meta name=\"twitter:title\" content=\"Les Harpes Camac r\u00e9pondent \u00e0 vos questions sur la harpe !\" \/>\n<meta name=\"twitter:description\" content=\"Parce que la harpe peut \u00eatre un sujet compliqu\u00e9, voici quelques informations sur les types de harpes, leurs cordages, leurs prix, et plus encore.\" \/>\n<meta name=\"twitter:image\" content=\"https:\/\/www.camac-harps.com\/wp-content\/uploads\/2022\/01\/harpesdelocationchoix-1.jpg\" \/>\n<meta name=\"twitter:label1\" content=\"Est. reading time\" \/>\n\t<meta name=\"twitter:data1\" content=\"1 minute\" \/>\n<script type=\"application\/ld+json\" class=\"yoast-schema-graph\">{\"@context\":\"https:\/\/schema.org\",\"@graph\":[{\"@type\":\"Article\",\"@id\":\"https:\/\/www.camac-harps.com\/en\/faq-2\/#article\",\"isPartOf\":{\"@id\":\"https:\/\/www.camac-harps.com\/en\/faq-2\/\"},\"author\":{\"name\":\"Helen Leitner\",\"@id\":\"https:\/\/www.camac-harps.com\/en\/#\/schema\/person\/59b9e6843c0338179fb914afaf144d22\"},\"headline\":\"FAQ\",\"datePublished\":\"2022-06-14T20:25:15+00:00\",\"dateModified\":\"2022-12-08T10:01:24+00:00\",\"mainEntityOfPage\":{\"@id\":\"https:\/\/www.camac-harps.com\/en\/faq-2\/\"},\"wordCount\":54,\"inLanguage\":\"en-US\"},{\"@type\":[\"WebPage\",\"FAQPage\"],\"@id\":\"https:\/\/www.camac-harps.com\/en\/faq-2\/\",\"url\":\"https:\/\/www.camac-harps.com\/en\/faq-2\/\",\"name\":\"We answer your questions about the harp | Camac Harps\",\"isPartOf\":{\"@id\":\"https:\/\/www.camac-harps.com\/en\/#website\"},\"datePublished\":\"2022-06-14T20:25:15+00:00\",\"dateModified\":\"2022-12-08T10:01:24+00:00\",\"description\":\"The harp can seem mysterious at the beginning! Puzzle no more: Camac Harps explains about harp size, stringing, harps for children, and more.\",\"breadcrumb\":{\"@id\":\"https:\/\/www.camac-harps.com\/en\/faq-2\/#breadcrumb\"},\"inLanguage\":\"en-US\",\"potentialAction\":[{\"@type\":\"ReadAction\",\"target\":[\"https:\/\/www.camac-harps.com\/en\/faq-2\/\"]}]},{\"@type\":\"BreadcrumbList\",\"@id\":\"https:\/\/www.camac-harps.com\/en\/faq-2\/#breadcrumb\",\"itemListElement\":[{\"@type\":\"ListItem\",\"position\":1,\"name\":\"Home\",\"item\":\"https:\/\/www.camac-harps.com\/en\/\"},{\"@type\":\"ListItem\",\"position\":2,\"name\":\"FAQ\"}]},{\"@type\":\"WebSite\",\"@id\":\"https:\/\/www.camac-harps.com\/en\/#website\",\"url\":\"https:\/\/www.camac-harps.com\/en\/\",\"name\":\"Camac Harps\",\"description\":\"\",\"potentialAction\":[{\"@type\":\"SearchAction\",\"target\":{\"@type\":\"EntryPoint\",\"urlTemplate\":\"https:\/\/www.camac-harps.com\/en\/?s={search_term_string}\"},\"query-input\":{\"@type\":\"PropertyValueSpecification\",\"valueRequired\":true,\"valueName\":\"search_term_string\"}}],\"inLanguage\":\"en-US\"},{\"@type\":\"Person\",\"@id\":\"https:\/\/www.camac-harps.com\/en\/#\/schema\/person\/59b9e6843c0338179fb914afaf144d22\",\"name\":\"Helen Leitner\",\"image\":{\"@type\":\"ImageObject\",\"inLanguage\":\"en-US\",\"@id\":\"https:\/\/www.camac-harps.com\/en\/#\/schema\/person\/image\/\",\"url\":\"https:\/\/secure.gravatar.com\/avatar\/ebbebff931219cff4c2d1e25c3229b2e036693f67bf237fb12f452d7a019a6da?s=96&d=mm&r=g\",\"contentUrl\":\"https:\/\/secure.gravatar.com\/avatar\/ebbebff931219cff4c2d1e25c3229b2e036693f67bf237fb12f452d7a019a6da?s=96&d=mm&r=g\",\"caption\":\"Helen Leitner\"},\"url\":\"https:\/\/www.camac-harps.com\/en\/blog\/author\/ltnr\/\"}]}<\/script>","yoast_head_json":{"title":"We answer your questions about the harp | Camac Harps","description":"The harp can seem mysterious at the beginning! Puzzle no more: Camac Harps explains about harp size, stringing, harps for children, and more.","robots":{"index":"index","follow":"follow","max-snippet":"max-snippet:-1","max-image-preview":"max-image-preview:large","max-video-preview":"max-video-preview:-1"},"canonical":"https:\/\/www.camac-harps.com\/en\/faq-2\/","og_locale":"en_US","og_type":"article","og_title":"Les Harpes Camac r\u00e9pondent \u00e0 vos questions sur la harpe !","og_description":"Parce que la harpe peut \u00eatre un sujet compliqu\u00e9, voici quelques informations sur les types de harpes, leurs cordages, leurs prix, et plus encore.","og_url":"https:\/\/www.camac-harps.com\/en\/faq-2\/","og_site_name":"Camac Harps","article_modified_time":"2022-12-08T10:01:24+00:00","og_image":[{"width":997,"height":751,"url":"https:\/\/www.camac-harps.com\/wp-content\/uploads\/2022\/01\/harpesdelocationchoix-1.jpg","type":"image\/jpeg"}],"twitter_card":"summary_large_image","twitter_title":"Les Harpes Camac r\u00e9pondent \u00e0 vos questions sur la harpe !","twitter_description":"Parce que la harpe peut \u00eatre un sujet compliqu\u00e9, voici quelques informations sur les types de harpes, leurs cordages, leurs prix, et plus encore.","twitter_image":"https:\/\/www.camac-harps.com\/wp-content\/uploads\/2022\/01\/harpesdelocationchoix-1.jpg","twitter_misc":{"Est. reading time":"1 minute"},"schema":{"@context":"https:\/\/schema.org","@graph":[{"@type":"Article","@id":"https:\/\/www.camac-harps.com\/en\/faq-2\/#article","isPartOf":{"@id":"https:\/\/www.camac-harps.com\/en\/faq-2\/"},"author":{"name":"Helen Leitner","@id":"https:\/\/www.camac-harps.com\/en\/#\/schema\/person\/59b9e6843c0338179fb914afaf144d22"},"headline":"FAQ","datePublished":"2022-06-14T20:25:15+00:00","dateModified":"2022-12-08T10:01:24+00:00","mainEntityOfPage":{"@id":"https:\/\/www.camac-harps.com\/en\/faq-2\/"},"wordCount":54,"inLanguage":"en-US"},{"@type":["WebPage","FAQPage"],"@id":"https:\/\/www.camac-harps.com\/en\/faq-2\/","url":"https:\/\/www.camac-harps.com\/en\/faq-2\/","name":"We answer your questions about the harp | Camac Harps","isPartOf":{"@id":"https:\/\/www.camac-harps.com\/en\/#website"},"datePublished":"2022-06-14T20:25:15+00:00","dateModified":"2022-12-08T10:01:24+00:00","description":"The harp can seem mysterious at the beginning! Puzzle no more: Camac Harps explains about harp size, stringing, harps for children, and more.","breadcrumb":{"@id":"https:\/\/www.camac-harps.com\/en\/faq-2\/#breadcrumb"},"inLanguage":"en-US","potentialAction":[{"@type":"ReadAction","target":["https:\/\/www.camac-harps.com\/en\/faq-2\/"]}]},{"@type":"BreadcrumbList","@id":"https:\/\/www.camac-harps.com\/en\/faq-2\/#breadcrumb","itemListElement":[{"@type":"ListItem","position":1,"name":"Home","item":"https:\/\/www.camac-harps.com\/en\/"},{"@type":"ListItem","position":2,"name":"FAQ"}]},{"@type":"WebSite","@id":"https:\/\/www.camac-harps.com\/en\/#website","url":"https:\/\/www.camac-harps.com\/en\/","name":"Camac Harps","description":"","potentialAction":[{"@type":"SearchAction","target":{"@type":"EntryPoint","urlTemplate":"https:\/\/www.camac-harps.com\/en\/?s={search_term_string}"},"query-input":{"@type":"PropertyValueSpecification","valueRequired":true,"valueName":"search_term_string"}}],"inLanguage":"en-US"},{"@type":"Person","@id":"https:\/\/www.camac-harps.com\/en\/#\/schema\/person\/59b9e6843c0338179fb914afaf144d22","name":"Helen Leitner","image":{"@type":"ImageObject","inLanguage":"en-US","@id":"https:\/\/www.camac-harps.com\/en\/#\/schema\/person\/image\/","url":"https:\/\/secure.gravatar.com\/avatar\/ebbebff931219cff4c2d1e25c3229b2e036693f67bf237fb12f452d7a019a6da?s=96&d=mm&r=g","contentUrl":"https:\/\/secure.gravatar.com\/avatar\/ebbebff931219cff4c2d1e25c3229b2e036693f67bf237fb12f452d7a019a6da?s=96&d=mm&r=g","caption":"Helen Leitner"},"url":"https:\/\/www.camac-harps.com\/en\/blog\/author\/ltnr\/"}]}},"_links":{"self":[{"href":"https:\/\/www.camac-harps.com\/en\/wp-json\/wp\/v2\/pages\/41859","targetHints":{"allow":["GET"]}}],"collection":[{"href":"https:\/\/www.camac-harps.com\/en\/wp-json\/wp\/v2\/pages"}],"about":[{"href":"https:\/\/www.camac-harps.com\/en\/wp-json\/wp\/v2\/types\/page"}],"author":[{"embeddable":true,"href":"https:\/\/www.camac-harps.com\/en\/wp-json\/wp\/v2\/users\/3"}],"replies":[{"embeddable":true,"href":"https:\/\/www.camac-harps.com\/en\/wp-json\/wp\/v2\/comments?post=41859"}],"version-history":[{"count":20,"href":"https:\/\/www.camac-harps.com\/en\/wp-json\/wp\/v2\/pages\/41859\/revisions"}],"predecessor-version":[{"id":42877,"href":"https:\/\/www.camac-harps.com\/en\/wp-json\/wp\/v2\/pages\/41859\/revisions\/42877"}],"wp:attachment":[{"href":"https:\/\/www.camac-harps.com\/en\/wp-json\/wp\/v2\/media?parent=41859"}],"curies":[{"name":"wp","href":"https:\/\/api.w.org\/{rel}","templated":true}]}}