{"id":19690,"date":"2016-12-16T15:28:34","date_gmt":"2016-12-16T15:28:34","guid":{"rendered":"https:\/\/www.camac-harps.com\/?page_id=19690\/"},"modified":"2026-01-20T13:20:20","modified_gmt":"2026-01-20T13:20:20","slug":"distribution-globale","status":"publish","type":"page","link":"https:\/\/www.camac-harps.com\/fr\/distribution-globale\/","title":{"rendered":"Distribution globale"},"content":{"rendered":"","protected":false},"excerpt":{"rendered":"","protected":false},"author":3,"featured_media":0,"parent":0,"menu_order":87,"comment_status":"closed","ping_status":"closed","template":"","meta":{"_acf_changed":false,"footnotes":""},"class_list":["post-19690","page","type-page","status-publish","hentry"],"acf":[],"yoast_head":"<title>Distributeurs Internationaux Camac - Les Harpes Camac<\/title>\n<meta name=\"description\" content=\"Retrouvez les distributeurs internationaux des Harpes Camac | Acheter des harpes \u00e0 p\u00e9dales, celtiques, \u00e9lectriques ou sud-am\u00e9ricaines.\" \/>\n<meta name=\"robots\" content=\"index, follow, max-snippet:-1, max-image-preview:large, max-video-preview:-1\" \/>\n<link rel=\"canonical\" href=\"https:\/\/www.camac-harps.com\/fr\/distribution-globale\/\" \/>\n<meta property=\"og:locale\" content=\"fr_FR\" \/>\n<meta property=\"og:type\" content=\"article\" \/>\n<meta property=\"og:title\" content=\"Distributeurs Internationaux Camac - Les Harpes Camac\" \/>\n<meta property=\"og:description\" content=\"Retrouvez les distributeurs internationaux des Harpes Camac | Acheter des harpes \u00e0 p\u00e9dales, celtiques, \u00e9lectriques ou sud-am\u00e9ricaines.\" \/>\n<meta property=\"og:url\" content=\"https:\/\/www.camac-harps.com\/fr\/distribution-globale\/\" \/>\n<meta property=\"og:site_name\" content=\"Camac Harps\" \/>\n<meta property=\"article:modified_time\" content=\"2026-01-20T13:20:20+00:00\" \/>\n<meta name=\"twitter:card\" content=\"summary_large_image\" \/>\n<meta name=\"twitter:label1\" content=\"Dur\u00e9e de lecture estim\u00e9e\" \/>\n\t<meta name=\"twitter:data1\" content=\"4 minutes\" \/>\n<script type=\"application\/ld+json\" class=\"yoast-schema-graph\">{\"@context\":\"https:\/\/schema.org\",\"@graph\":[{\"@type\":\"WebPage\",\"@id\":\"https:\/\/www.camac-harps.com\/fr\/distribution-globale\/\",\"url\":\"https:\/\/www.camac-harps.com\/fr\/distribution-globale\/\",\"name\":\"Distributeurs Internationaux Camac - Les Harpes Camac\",\"isPartOf\":{\"@id\":\"https:\/\/www.camac-harps.com\/fr\/#website\"},\"datePublished\":\"2016-12-16T15:28:34+00:00\",\"dateModified\":\"2026-01-20T13:20:20+00:00\",\"description\":\"Retrouvez les distributeurs internationaux des Harpes Camac | Acheter des harpes \u00e0 p\u00e9dales, celtiques, \u00e9lectriques ou sud-am\u00e9ricaines.\",\"breadcrumb\":{\"@id\":\"https:\/\/www.camac-harps.com\/fr\/distribution-globale\/#breadcrumb\"},\"inLanguage\":\"fr-FR\",\"potentialAction\":[{\"@type\":\"ReadAction\",\"target\":[\"https:\/\/www.camac-harps.com\/fr\/distribution-globale\/\"]}]},{\"@type\":\"BreadcrumbList\",\"@id\":\"https:\/\/www.camac-harps.com\/fr\/distribution-globale\/#breadcrumb\",\"itemListElement\":[{\"@type\":\"ListItem\",\"position\":1,\"name\":\"Home\",\"item\":\"https:\/\/www.camac-harps.com\/fr\/\"},{\"@type\":\"ListItem\",\"position\":2,\"name\":\"Distribution globale\"}]},{\"@type\":\"WebSite\",\"@id\":\"https:\/\/www.camac-harps.com\/fr\/#website\",\"url\":\"https:\/\/www.camac-harps.com\/fr\/\",\"name\":\"Camac Harps\",\"description\":\"\",\"potentialAction\":[{\"@type\":\"SearchAction\",\"target\":{\"@type\":\"EntryPoint\",\"urlTemplate\":\"https:\/\/www.camac-harps.com\/fr\/?s={search_term_string}\"},\"query-input\":{\"@type\":\"PropertyValueSpecification\",\"valueRequired\":true,\"valueName\":\"search_term_string\"}}],\"inLanguage\":\"fr-FR\"}]}<\/script>","yoast_head_json":{"title":"Distributeurs Internationaux Camac - Les Harpes Camac","description":"Retrouvez les distributeurs internationaux des Harpes Camac | Acheter des harpes \u00e0 p\u00e9dales, celtiques, \u00e9lectriques ou sud-am\u00e9ricaines.","robots":{"index":"index","follow":"follow","max-snippet":"max-snippet:-1","max-image-preview":"max-image-preview:large","max-video-preview":"max-video-preview:-1"},"canonical":"https:\/\/www.camac-harps.com\/fr\/distribution-globale\/","og_locale":"fr_FR","og_type":"article","og_title":"Distributeurs Internationaux Camac - Les Harpes Camac","og_description":"Retrouvez les distributeurs internationaux des Harpes Camac | Acheter des harpes \u00e0 p\u00e9dales, celtiques, \u00e9lectriques ou sud-am\u00e9ricaines.","og_url":"https:\/\/www.camac-harps.com\/fr\/distribution-globale\/","og_site_name":"Camac Harps","article_modified_time":"2026-01-20T13:20:20+00:00","twitter_card":"summary_large_image","twitter_misc":{"Dur\u00e9e de lecture estim\u00e9e":"4 minutes"},"schema":{"@context":"https:\/\/schema.org","@graph":[{"@type":"WebPage","@id":"https:\/\/www.camac-harps.com\/fr\/distribution-globale\/","url":"https:\/\/www.camac-harps.com\/fr\/distribution-globale\/","name":"Distributeurs Internationaux Camac - Les Harpes Camac","isPartOf":{"@id":"https:\/\/www.camac-harps.com\/fr\/#website"},"datePublished":"2016-12-16T15:28:34+00:00","dateModified":"2026-01-20T13:20:20+00:00","description":"Retrouvez les distributeurs internationaux des Harpes Camac | Acheter des harpes \u00e0 p\u00e9dales, celtiques, \u00e9lectriques ou sud-am\u00e9ricaines.","breadcrumb":{"@id":"https:\/\/www.camac-harps.com\/fr\/distribution-globale\/#breadcrumb"},"inLanguage":"fr-FR","potentialAction":[{"@type":"ReadAction","target":["https:\/\/www.camac-harps.com\/fr\/distribution-globale\/"]}]},{"@type":"BreadcrumbList","@id":"https:\/\/www.camac-harps.com\/fr\/distribution-globale\/#breadcrumb","itemListElement":[{"@type":"ListItem","position":1,"name":"Home","item":"https:\/\/www.camac-harps.com\/fr\/"},{"@type":"ListItem","position":2,"name":"Distribution globale"}]},{"@type":"WebSite","@id":"https:\/\/www.camac-harps.com\/fr\/#website","url":"https:\/\/www.camac-harps.com\/fr\/","name":"Camac Harps","description":"","potentialAction":[{"@type":"SearchAction","target":{"@type":"EntryPoint","urlTemplate":"https:\/\/www.camac-harps.com\/fr\/?s={search_term_string}"},"query-input":{"@type":"PropertyValueSpecification","valueRequired":true,"valueName":"search_term_string"}}],"inLanguage":"fr-FR"}]}},"_links":{"self":[{"href":"https:\/\/www.camac-harps.com\/fr\/wp-json\/wp\/v2\/pages\/19690","targetHints":{"allow":["GET"]}}],"collection":[{"href":"https:\/\/www.camac-harps.com\/fr\/wp-json\/wp\/v2\/pages"}],"about":[{"href":"https:\/\/www.camac-harps.com\/fr\/wp-json\/wp\/v2\/types\/page"}],"author":[{"embeddable":true,"href":"https:\/\/www.camac-harps.com\/fr\/wp-json\/wp\/v2\/users\/3"}],"replies":[{"embeddable":true,"href":"https:\/\/www.camac-harps.com\/fr\/wp-json\/wp\/v2\/comments?post=19690"}],"version-history":[{"count":10,"href":"https:\/\/www.camac-harps.com\/fr\/wp-json\/wp\/v2\/pages\/19690\/revisions"}],"predecessor-version":[{"id":46473,"href":"https:\/\/www.camac-harps.com\/fr\/wp-json\/wp\/v2\/pages\/19690\/revisions\/46473"}],"wp:attachment":[{"href":"https:\/\/www.camac-harps.com\/fr\/wp-json\/wp\/v2\/media?parent=19690"}],"curies":[{"name":"wp","href":"https:\/\/api.w.org\/{rel}","templated":true}]}}