{"id":2721,"date":"2016-10-01T19:13:08","date_gmt":"2016-10-01T19:13:08","guid":{"rendered":"https:\/\/www.camac-harps.com\/fr\/supporting-artists\/"},"modified":"2026-01-13T15:35:55","modified_gmt":"2026-01-13T15:35:55","slug":"supporting-artists","status":"publish","type":"page","link":"https:\/\/www.camac-harps.com\/fr\/la-maison-camac\/supporting-artists\/","title":{"rendered":"Sponsoring"},"content":{"rendered":"","protected":false},"excerpt":{"rendered":"","protected":false},"author":3,"featured_media":0,"parent":9714,"menu_order":116,"comment_status":"closed","ping_status":"closed","template":"","meta":{"_acf_changed":false,"footnotes":""},"class_list":["post-2721","page","type-page","status-publish","hentry"],"acf":[],"yoast_head":"<title>M\u00e9c\u00e9nat &amp; Sponsoring - Les Harpes Camac<\/title>\n<meta name=\"description\" content=\"Notre politique de m\u00e9c\u00e9nat et parrainage | Sponsoring | Foire aux questions | Contactez-nous.\" \/>\n<meta name=\"robots\" content=\"index, follow, max-snippet:-1, max-image-preview:large, max-video-preview:-1\" \/>\n<link rel=\"canonical\" href=\"https:\/\/www.camac-harps.com\/fr\/la-maison-camac\/supporting-artists\/\" \/>\n<meta property=\"og:locale\" content=\"fr_FR\" \/>\n<meta property=\"og:type\" content=\"article\" \/>\n<meta property=\"og:title\" content=\"M\u00e9c\u00e9nat &amp; Sponsoring - Les Harpes Camac\" \/>\n<meta property=\"og:description\" content=\"Notre politique de m\u00e9c\u00e9nat et parrainage | Sponsoring | Foire aux questions | Contactez-nous.\" \/>\n<meta property=\"og:url\" content=\"https:\/\/www.camac-harps.com\/fr\/la-maison-camac\/supporting-artists\/\" \/>\n<meta property=\"og:site_name\" content=\"Camac Harps\" \/>\n<meta property=\"article:modified_time\" content=\"2026-01-13T15:35:55+00:00\" \/>\n<meta name=\"twitter:card\" content=\"summary_large_image\" \/>\n<meta name=\"twitter:label1\" content=\"Dur\u00e9e de lecture estim\u00e9e\" \/>\n\t<meta name=\"twitter:data1\" content=\"6 minutes\" \/>\n<script type=\"application\/ld+json\" class=\"yoast-schema-graph\">{\"@context\":\"https:\/\/schema.org\",\"@graph\":[{\"@type\":\"WebPage\",\"@id\":\"https:\/\/www.camac-harps.com\/fr\/la-maison-camac\/supporting-artists\/\",\"url\":\"https:\/\/www.camac-harps.com\/fr\/la-maison-camac\/supporting-artists\/\",\"name\":\"M\u00e9c\u00e9nat & Sponsoring - Les Harpes Camac\",\"isPartOf\":{\"@id\":\"https:\/\/www.camac-harps.com\/fr\/#website\"},\"datePublished\":\"2016-10-01T19:13:08+00:00\",\"dateModified\":\"2026-01-13T15:35:55+00:00\",\"description\":\"Notre politique de m\u00e9c\u00e9nat et parrainage | Sponsoring | Foire aux questions | Contactez-nous.\",\"breadcrumb\":{\"@id\":\"https:\/\/www.camac-harps.com\/fr\/la-maison-camac\/supporting-artists\/#breadcrumb\"},\"inLanguage\":\"fr-FR\",\"potentialAction\":[{\"@type\":\"ReadAction\",\"target\":[\"https:\/\/www.camac-harps.com\/fr\/la-maison-camac\/supporting-artists\/\"]}]},{\"@type\":\"BreadcrumbList\",\"@id\":\"https:\/\/www.camac-harps.com\/fr\/la-maison-camac\/supporting-artists\/#breadcrumb\",\"itemListElement\":[{\"@type\":\"ListItem\",\"position\":1,\"name\":\"Home\",\"item\":\"https:\/\/www.camac-harps.com\/fr\/\"},{\"@type\":\"ListItem\",\"position\":2,\"name\":\"La Maison Camac\",\"item\":\"https:\/\/www.camac-harps.com\/fr\/la-maison-camac\/\"},{\"@type\":\"ListItem\",\"position\":3,\"name\":\"Sponsoring\"}]},{\"@type\":\"WebSite\",\"@id\":\"https:\/\/www.camac-harps.com\/fr\/#website\",\"url\":\"https:\/\/www.camac-harps.com\/fr\/\",\"name\":\"Camac Harps\",\"description\":\"\",\"potentialAction\":[{\"@type\":\"SearchAction\",\"target\":{\"@type\":\"EntryPoint\",\"urlTemplate\":\"https:\/\/www.camac-harps.com\/fr\/?s={search_term_string}\"},\"query-input\":{\"@type\":\"PropertyValueSpecification\",\"valueRequired\":true,\"valueName\":\"search_term_string\"}}],\"inLanguage\":\"fr-FR\"}]}<\/script>","yoast_head_json":{"title":"M\u00e9c\u00e9nat & Sponsoring - Les Harpes Camac","description":"Notre politique de m\u00e9c\u00e9nat et parrainage | Sponsoring | Foire aux questions | Contactez-nous.","robots":{"index":"index","follow":"follow","max-snippet":"max-snippet:-1","max-image-preview":"max-image-preview:large","max-video-preview":"max-video-preview:-1"},"canonical":"https:\/\/www.camac-harps.com\/fr\/la-maison-camac\/supporting-artists\/","og_locale":"fr_FR","og_type":"article","og_title":"M\u00e9c\u00e9nat & Sponsoring - Les Harpes Camac","og_description":"Notre politique de m\u00e9c\u00e9nat et parrainage | Sponsoring | Foire aux questions | Contactez-nous.","og_url":"https:\/\/www.camac-harps.com\/fr\/la-maison-camac\/supporting-artists\/","og_site_name":"Camac Harps","article_modified_time":"2026-01-13T15:35:55+00:00","twitter_card":"summary_large_image","twitter_misc":{"Dur\u00e9e de lecture estim\u00e9e":"6 minutes"},"schema":{"@context":"https:\/\/schema.org","@graph":[{"@type":"WebPage","@id":"https:\/\/www.camac-harps.com\/fr\/la-maison-camac\/supporting-artists\/","url":"https:\/\/www.camac-harps.com\/fr\/la-maison-camac\/supporting-artists\/","name":"M\u00e9c\u00e9nat & Sponsoring - Les Harpes Camac","isPartOf":{"@id":"https:\/\/www.camac-harps.com\/fr\/#website"},"datePublished":"2016-10-01T19:13:08+00:00","dateModified":"2026-01-13T15:35:55+00:00","description":"Notre politique de m\u00e9c\u00e9nat et parrainage | Sponsoring | Foire aux questions | Contactez-nous.","breadcrumb":{"@id":"https:\/\/www.camac-harps.com\/fr\/la-maison-camac\/supporting-artists\/#breadcrumb"},"inLanguage":"fr-FR","potentialAction":[{"@type":"ReadAction","target":["https:\/\/www.camac-harps.com\/fr\/la-maison-camac\/supporting-artists\/"]}]},{"@type":"BreadcrumbList","@id":"https:\/\/www.camac-harps.com\/fr\/la-maison-camac\/supporting-artists\/#breadcrumb","itemListElement":[{"@type":"ListItem","position":1,"name":"Home","item":"https:\/\/www.camac-harps.com\/fr\/"},{"@type":"ListItem","position":2,"name":"La Maison Camac","item":"https:\/\/www.camac-harps.com\/fr\/la-maison-camac\/"},{"@type":"ListItem","position":3,"name":"Sponsoring"}]},{"@type":"WebSite","@id":"https:\/\/www.camac-harps.com\/fr\/#website","url":"https:\/\/www.camac-harps.com\/fr\/","name":"Camac Harps","description":"","potentialAction":[{"@type":"SearchAction","target":{"@type":"EntryPoint","urlTemplate":"https:\/\/www.camac-harps.com\/fr\/?s={search_term_string}"},"query-input":{"@type":"PropertyValueSpecification","valueRequired":true,"valueName":"search_term_string"}}],"inLanguage":"fr-FR"}]}},"_links":{"self":[{"href":"https:\/\/www.camac-harps.com\/fr\/wp-json\/wp\/v2\/pages\/2721","targetHints":{"allow":["GET"]}}],"collection":[{"href":"https:\/\/www.camac-harps.com\/fr\/wp-json\/wp\/v2\/pages"}],"about":[{"href":"https:\/\/www.camac-harps.com\/fr\/wp-json\/wp\/v2\/types\/page"}],"author":[{"embeddable":true,"href":"https:\/\/www.camac-harps.com\/fr\/wp-json\/wp\/v2\/users\/3"}],"replies":[{"embeddable":true,"href":"https:\/\/www.camac-harps.com\/fr\/wp-json\/wp\/v2\/comments?post=2721"}],"version-history":[{"count":11,"href":"https:\/\/www.camac-harps.com\/fr\/wp-json\/wp\/v2\/pages\/2721\/revisions"}],"predecessor-version":[{"id":46440,"href":"https:\/\/www.camac-harps.com\/fr\/wp-json\/wp\/v2\/pages\/2721\/revisions\/46440"}],"up":[{"embeddable":true,"href":"https:\/\/www.camac-harps.com\/fr\/wp-json\/wp\/v2\/pages\/9714"}],"wp:attachment":[{"href":"https:\/\/www.camac-harps.com\/fr\/wp-json\/wp\/v2\/media?parent=2721"}],"curies":[{"name":"wp","href":"https:\/\/api.w.org\/{rel}","templated":true}]}}