{"id":28982,"date":"2020-08-27T07:39:11","date_gmt":"2020-08-27T07:39:11","guid":{"rendered":"https:\/\/www.camac-harps.com\/?page_id=28982"},"modified":"2024-08-23T09:44:22","modified_gmt":"2024-08-23T09:44:22","slug":"location-de-harpes-camac","status":"publish","type":"page","link":"https:\/\/www.camac-harps.com\/fr\/location-de-harpes-camac\/","title":{"rendered":"Locations de harpes"},"content":{"rendered":"","protected":false},"excerpt":{"rendered":"","protected":false},"author":3,"featured_media":0,"parent":0,"menu_order":61,"comment_status":"closed","ping_status":"closed","template":"","meta":{"_acf_changed":false,"footnotes":""},"class_list":["post-28982","page","type-page","status-publish","hentry"],"acf":[],"yoast_head":"<title>Location de harpes | France m\u00e9tropolitaine | Les Harpes Camac<\/title>\n<meta name=\"description\" content=\"La location-service par Camac | Livraison dans toute la France m\u00e9tropolitaine | Choix de six harpes celtiques | \u00e0 partir de 37 \u20ac \/ mois\" \/>\n<meta name=\"robots\" content=\"index, follow, max-snippet:-1, max-image-preview:large, max-video-preview:-1\" \/>\n<link rel=\"canonical\" href=\"https:\/\/www.camac-harps.com\/fr\/location-de-harpes-camac\/\" \/>\n<meta property=\"og:locale\" content=\"fr_FR\" \/>\n<meta property=\"og:type\" content=\"article\" \/>\n<meta property=\"og:title\" content=\"Location de harpes | France m\u00e9tropolitaine | Les Harpes Camac\" \/>\n<meta property=\"og:description\" content=\"La location-service par Camac | Livraison dans toute la France m\u00e9tropolitaine | Choix de six harpes celtiques | \u00e0 partir de 37 \u20ac \/ mois\" \/>\n<meta property=\"og:url\" content=\"https:\/\/www.camac-harps.com\/fr\/location-de-harpes-camac\/\" \/>\n<meta property=\"og:site_name\" content=\"Camac Harps\" \/>\n<meta property=\"article:modified_time\" content=\"2024-08-23T09:44:22+00:00\" \/>\n<meta name=\"twitter:card\" content=\"summary_large_image\" \/>\n<meta name=\"twitter:label1\" content=\"Dur\u00e9e de lecture estim\u00e9e\" \/>\n\t<meta name=\"twitter:data1\" content=\"5 minutes\" \/>\n<script type=\"application\/ld+json\" class=\"yoast-schema-graph\">{\"@context\":\"https:\/\/schema.org\",\"@graph\":[{\"@type\":\"WebPage\",\"@id\":\"https:\/\/www.camac-harps.com\/fr\/location-de-harpes-camac\/\",\"url\":\"https:\/\/www.camac-harps.com\/fr\/location-de-harpes-camac\/\",\"name\":\"Location de harpes | France m\u00e9tropolitaine | Les Harpes Camac\",\"isPartOf\":{\"@id\":\"https:\/\/www.camac-harps.com\/fr\/#website\"},\"datePublished\":\"2020-08-27T07:39:11+00:00\",\"dateModified\":\"2024-08-23T09:44:22+00:00\",\"description\":\"La location-service par Camac | Livraison dans toute la France m\u00e9tropolitaine | Choix de six harpes celtiques | \u00e0 partir de 37 \u20ac \/ mois\",\"breadcrumb\":{\"@id\":\"https:\/\/www.camac-harps.com\/fr\/location-de-harpes-camac\/#breadcrumb\"},\"inLanguage\":\"fr-FR\",\"potentialAction\":[{\"@type\":\"ReadAction\",\"target\":[\"https:\/\/www.camac-harps.com\/fr\/location-de-harpes-camac\/\"]}]},{\"@type\":\"BreadcrumbList\",\"@id\":\"https:\/\/www.camac-harps.com\/fr\/location-de-harpes-camac\/#breadcrumb\",\"itemListElement\":[{\"@type\":\"ListItem\",\"position\":1,\"name\":\"Home\",\"item\":\"https:\/\/www.camac-harps.com\/fr\/\"},{\"@type\":\"ListItem\",\"position\":2,\"name\":\"Locations de harpes\"}]},{\"@type\":\"WebSite\",\"@id\":\"https:\/\/www.camac-harps.com\/fr\/#website\",\"url\":\"https:\/\/www.camac-harps.com\/fr\/\",\"name\":\"Camac Harps\",\"description\":\"\",\"potentialAction\":[{\"@type\":\"SearchAction\",\"target\":{\"@type\":\"EntryPoint\",\"urlTemplate\":\"https:\/\/www.camac-harps.com\/fr\/?s={search_term_string}\"},\"query-input\":{\"@type\":\"PropertyValueSpecification\",\"valueRequired\":true,\"valueName\":\"search_term_string\"}}],\"inLanguage\":\"fr-FR\"}]}<\/script>","yoast_head_json":{"title":"Location de harpes | France m\u00e9tropolitaine | Les Harpes Camac","description":"La location-service par Camac | Livraison dans toute la France m\u00e9tropolitaine | Choix de six harpes celtiques | \u00e0 partir de 37 \u20ac \/ mois","robots":{"index":"index","follow":"follow","max-snippet":"max-snippet:-1","max-image-preview":"max-image-preview:large","max-video-preview":"max-video-preview:-1"},"canonical":"https:\/\/www.camac-harps.com\/fr\/location-de-harpes-camac\/","og_locale":"fr_FR","og_type":"article","og_title":"Location de harpes | France m\u00e9tropolitaine | Les Harpes Camac","og_description":"La location-service par Camac | Livraison dans toute la France m\u00e9tropolitaine | Choix de six harpes celtiques | \u00e0 partir de 37 \u20ac \/ mois","og_url":"https:\/\/www.camac-harps.com\/fr\/location-de-harpes-camac\/","og_site_name":"Camac Harps","article_modified_time":"2024-08-23T09:44:22+00:00","twitter_card":"summary_large_image","twitter_misc":{"Dur\u00e9e de lecture estim\u00e9e":"5 minutes"},"schema":{"@context":"https:\/\/schema.org","@graph":[{"@type":"WebPage","@id":"https:\/\/www.camac-harps.com\/fr\/location-de-harpes-camac\/","url":"https:\/\/www.camac-harps.com\/fr\/location-de-harpes-camac\/","name":"Location de harpes | France m\u00e9tropolitaine | Les Harpes Camac","isPartOf":{"@id":"https:\/\/www.camac-harps.com\/fr\/#website"},"datePublished":"2020-08-27T07:39:11+00:00","dateModified":"2024-08-23T09:44:22+00:00","description":"La location-service par Camac | Livraison dans toute la France m\u00e9tropolitaine | Choix de six harpes celtiques | \u00e0 partir de 37 \u20ac \/ mois","breadcrumb":{"@id":"https:\/\/www.camac-harps.com\/fr\/location-de-harpes-camac\/#breadcrumb"},"inLanguage":"fr-FR","potentialAction":[{"@type":"ReadAction","target":["https:\/\/www.camac-harps.com\/fr\/location-de-harpes-camac\/"]}]},{"@type":"BreadcrumbList","@id":"https:\/\/www.camac-harps.com\/fr\/location-de-harpes-camac\/#breadcrumb","itemListElement":[{"@type":"ListItem","position":1,"name":"Home","item":"https:\/\/www.camac-harps.com\/fr\/"},{"@type":"ListItem","position":2,"name":"Locations de harpes"}]},{"@type":"WebSite","@id":"https:\/\/www.camac-harps.com\/fr\/#website","url":"https:\/\/www.camac-harps.com\/fr\/","name":"Camac Harps","description":"","potentialAction":[{"@type":"SearchAction","target":{"@type":"EntryPoint","urlTemplate":"https:\/\/www.camac-harps.com\/fr\/?s={search_term_string}"},"query-input":{"@type":"PropertyValueSpecification","valueRequired":true,"valueName":"search_term_string"}}],"inLanguage":"fr-FR"}]}},"_links":{"self":[{"href":"https:\/\/www.camac-harps.com\/fr\/wp-json\/wp\/v2\/pages\/28982","targetHints":{"allow":["GET"]}}],"collection":[{"href":"https:\/\/www.camac-harps.com\/fr\/wp-json\/wp\/v2\/pages"}],"about":[{"href":"https:\/\/www.camac-harps.com\/fr\/wp-json\/wp\/v2\/types\/page"}],"author":[{"embeddable":true,"href":"https:\/\/www.camac-harps.com\/fr\/wp-json\/wp\/v2\/users\/3"}],"replies":[{"embeddable":true,"href":"https:\/\/www.camac-harps.com\/fr\/wp-json\/wp\/v2\/comments?post=28982"}],"version-history":[{"count":10,"href":"https:\/\/www.camac-harps.com\/fr\/wp-json\/wp\/v2\/pages\/28982\/revisions"}],"predecessor-version":[{"id":44896,"href":"https:\/\/www.camac-harps.com\/fr\/wp-json\/wp\/v2\/pages\/28982\/revisions\/44896"}],"wp:attachment":[{"href":"https:\/\/www.camac-harps.com\/fr\/wp-json\/wp\/v2\/media?parent=28982"}],"curies":[{"name":"wp","href":"https:\/\/api.w.org\/{rel}","templated":true}]}}