{"id":33386,"date":"2021-12-29T09:42:59","date_gmt":"2021-12-29T09:42:59","guid":{"rendered":"https:\/\/www.camac-harps.com\/?page_id=33386"},"modified":"2025-08-19T07:44:16","modified_gmt":"2025-08-19T07:44:16","slug":"location-de-harpes","status":"publish","type":"page","link":"https:\/\/www.camac-harps.com\/fr\/location-de-harpes\/","title":{"rendered":"Bienvenue sur nos pages d\u00e9di\u00e9es \u00e0 la location de harpes."},"content":{"rendered":"","protected":false},"excerpt":{"rendered":"","protected":false},"author":2,"featured_media":0,"parent":0,"menu_order":32,"comment_status":"closed","ping_status":"closed","template":"","meta":{"_acf_changed":false,"footnotes":""},"class_list":["post-33386","page","type-page","status-publish","hentry"],"acf":[],"yoast_head":"<title>Location de Harpes Camac - Les Harpes Camac<\/title>\n<meta name=\"description\" content=\"Vous souhaitez louer une harpe ? Les Harpes Camac vous expliquent comment choisir et r\u00e9server votre location de harpe en toute confiance.\" \/>\n<meta name=\"robots\" content=\"index, follow, max-snippet:-1, max-image-preview:large, max-video-preview:-1\" \/>\n<link rel=\"canonical\" href=\"https:\/\/www.camac-harps.com\/fr\/location-de-harpes\/\" \/>\n<meta property=\"og:locale\" content=\"fr_FR\" \/>\n<meta property=\"og:type\" content=\"article\" \/>\n<meta property=\"og:title\" content=\"Location de Harpes Camac - Les Harpes Camac\" \/>\n<meta property=\"og:description\" content=\"Vous souhaitez louer une harpe ? Les Harpes Camac vous expliquent comment choisir et r\u00e9server votre location de harpe en toute confiance.\" \/>\n<meta property=\"og:url\" content=\"https:\/\/www.camac-harps.com\/fr\/location-de-harpes\/\" \/>\n<meta property=\"og:site_name\" content=\"Camac Harps\" \/>\n<meta property=\"article:modified_time\" content=\"2025-08-19T07:44:16+00:00\" \/>\n<meta name=\"twitter:card\" content=\"summary_large_image\" \/>\n<meta name=\"twitter:label1\" content=\"Dur\u00e9e de lecture estim\u00e9e\" \/>\n\t<meta name=\"twitter:data1\" content=\"13 minutes\" \/>\n<script type=\"application\/ld+json\" class=\"yoast-schema-graph\">{\"@context\":\"https:\/\/schema.org\",\"@graph\":[{\"@type\":\"WebPage\",\"@id\":\"https:\/\/www.camac-harps.com\/fr\/location-de-harpes\/\",\"url\":\"https:\/\/www.camac-harps.com\/fr\/location-de-harpes\/\",\"name\":\"Location de Harpes Camac - Les Harpes Camac\",\"isPartOf\":{\"@id\":\"https:\/\/www.camac-harps.com\/fr\/#website\"},\"datePublished\":\"2021-12-29T09:42:59+00:00\",\"dateModified\":\"2025-08-19T07:44:16+00:00\",\"description\":\"Vous souhaitez louer une harpe ? Les Harpes Camac vous expliquent comment choisir et r\u00e9server votre location de harpe en toute confiance.\",\"breadcrumb\":{\"@id\":\"https:\/\/www.camac-harps.com\/fr\/location-de-harpes\/#breadcrumb\"},\"inLanguage\":\"fr-FR\",\"potentialAction\":[{\"@type\":\"ReadAction\",\"target\":[\"https:\/\/www.camac-harps.com\/fr\/location-de-harpes\/\"]}]},{\"@type\":\"BreadcrumbList\",\"@id\":\"https:\/\/www.camac-harps.com\/fr\/location-de-harpes\/#breadcrumb\",\"itemListElement\":[{\"@type\":\"ListItem\",\"position\":1,\"name\":\"Home\",\"item\":\"https:\/\/www.camac-harps.com\/fr\/\"},{\"@type\":\"ListItem\",\"position\":2,\"name\":\"Bienvenue sur nos pages d\u00e9di\u00e9es \u00e0 la location de harpes.\"}]},{\"@type\":\"WebSite\",\"@id\":\"https:\/\/www.camac-harps.com\/fr\/#website\",\"url\":\"https:\/\/www.camac-harps.com\/fr\/\",\"name\":\"Camac Harps\",\"description\":\"\",\"potentialAction\":[{\"@type\":\"SearchAction\",\"target\":{\"@type\":\"EntryPoint\",\"urlTemplate\":\"https:\/\/www.camac-harps.com\/fr\/?s={search_term_string}\"},\"query-input\":{\"@type\":\"PropertyValueSpecification\",\"valueRequired\":true,\"valueName\":\"search_term_string\"}}],\"inLanguage\":\"fr-FR\"}]}<\/script>","yoast_head_json":{"title":"Location de Harpes Camac - Les Harpes Camac","description":"Vous souhaitez louer une harpe ? Les Harpes Camac vous expliquent comment choisir et r\u00e9server votre location de harpe en toute confiance.","robots":{"index":"index","follow":"follow","max-snippet":"max-snippet:-1","max-image-preview":"max-image-preview:large","max-video-preview":"max-video-preview:-1"},"canonical":"https:\/\/www.camac-harps.com\/fr\/location-de-harpes\/","og_locale":"fr_FR","og_type":"article","og_title":"Location de Harpes Camac - Les Harpes Camac","og_description":"Vous souhaitez louer une harpe ? Les Harpes Camac vous expliquent comment choisir et r\u00e9server votre location de harpe en toute confiance.","og_url":"https:\/\/www.camac-harps.com\/fr\/location-de-harpes\/","og_site_name":"Camac Harps","article_modified_time":"2025-08-19T07:44:16+00:00","twitter_card":"summary_large_image","twitter_misc":{"Dur\u00e9e de lecture estim\u00e9e":"13 minutes"},"schema":{"@context":"https:\/\/schema.org","@graph":[{"@type":"WebPage","@id":"https:\/\/www.camac-harps.com\/fr\/location-de-harpes\/","url":"https:\/\/www.camac-harps.com\/fr\/location-de-harpes\/","name":"Location de Harpes Camac - Les Harpes Camac","isPartOf":{"@id":"https:\/\/www.camac-harps.com\/fr\/#website"},"datePublished":"2021-12-29T09:42:59+00:00","dateModified":"2025-08-19T07:44:16+00:00","description":"Vous souhaitez louer une harpe ? Les Harpes Camac vous expliquent comment choisir et r\u00e9server votre location de harpe en toute confiance.","breadcrumb":{"@id":"https:\/\/www.camac-harps.com\/fr\/location-de-harpes\/#breadcrumb"},"inLanguage":"fr-FR","potentialAction":[{"@type":"ReadAction","target":["https:\/\/www.camac-harps.com\/fr\/location-de-harpes\/"]}]},{"@type":"BreadcrumbList","@id":"https:\/\/www.camac-harps.com\/fr\/location-de-harpes\/#breadcrumb","itemListElement":[{"@type":"ListItem","position":1,"name":"Home","item":"https:\/\/www.camac-harps.com\/fr\/"},{"@type":"ListItem","position":2,"name":"Bienvenue sur nos pages d\u00e9di\u00e9es \u00e0 la location de harpes."}]},{"@type":"WebSite","@id":"https:\/\/www.camac-harps.com\/fr\/#website","url":"https:\/\/www.camac-harps.com\/fr\/","name":"Camac Harps","description":"","potentialAction":[{"@type":"SearchAction","target":{"@type":"EntryPoint","urlTemplate":"https:\/\/www.camac-harps.com\/fr\/?s={search_term_string}"},"query-input":{"@type":"PropertyValueSpecification","valueRequired":true,"valueName":"search_term_string"}}],"inLanguage":"fr-FR"}]}},"_links":{"self":[{"href":"https:\/\/www.camac-harps.com\/fr\/wp-json\/wp\/v2\/pages\/33386","targetHints":{"allow":["GET"]}}],"collection":[{"href":"https:\/\/www.camac-harps.com\/fr\/wp-json\/wp\/v2\/pages"}],"about":[{"href":"https:\/\/www.camac-harps.com\/fr\/wp-json\/wp\/v2\/types\/page"}],"author":[{"embeddable":true,"href":"https:\/\/www.camac-harps.com\/fr\/wp-json\/wp\/v2\/users\/2"}],"replies":[{"embeddable":true,"href":"https:\/\/www.camac-harps.com\/fr\/wp-json\/wp\/v2\/comments?post=33386"}],"version-history":[{"count":11,"href":"https:\/\/www.camac-harps.com\/fr\/wp-json\/wp\/v2\/pages\/33386\/revisions"}],"predecessor-version":[{"id":46044,"href":"https:\/\/www.camac-harps.com\/fr\/wp-json\/wp\/v2\/pages\/33386\/revisions\/46044"}],"wp:attachment":[{"href":"https:\/\/www.camac-harps.com\/fr\/wp-json\/wp\/v2\/media?parent=33386"}],"curies":[{"name":"wp","href":"https:\/\/api.w.org\/{rel}","templated":true}]}}