{"id":41102,"date":"2022-06-22T16:09:29","date_gmt":"2022-06-22T16:09:29","guid":{"rendered":"https:\/\/www.camac-harps.com\/?page_id=41102"},"modified":"2026-01-21T09:25:41","modified_gmt":"2026-01-21T09:25:41","slug":"video-guides","status":"publish","type":"page","link":"https:\/\/www.camac-harps.com\/fr\/video-guides\/","title":{"rendered":"Vid\u00e9o-Guides"},"content":{"rendered":"","protected":false},"excerpt":{"rendered":"","protected":false},"author":3,"featured_media":0,"parent":0,"menu_order":23,"comment_status":"closed","ping_status":"closed","template":"","meta":{"_acf_changed":false,"footnotes":""},"class_list":["post-41102","page","type-page","status-publish","hentry"],"acf":[],"yoast_head":"<title>Vid\u00e9o, Guides &amp; Tutos - Les Harpes Camac<\/title>\n<meta name=\"description\" content=\"Guides et ressources | Tutoriels vid\u00e9o | Locations | Financements | Assurances | Un service apr\u00e8s-vente d&#039;exception.\" \/>\n<meta name=\"robots\" content=\"index, follow, max-snippet:-1, max-image-preview:large, max-video-preview:-1\" \/>\n<link rel=\"canonical\" href=\"https:\/\/www.camac-harps.com\/fr\/video-guides\/\" \/>\n<meta property=\"og:locale\" content=\"fr_FR\" \/>\n<meta property=\"og:type\" content=\"article\" \/>\n<meta property=\"og:title\" content=\"Vid\u00e9o, Guides &amp; Tutos - Les Harpes Camac\" \/>\n<meta property=\"og:description\" content=\"Guides et ressources | Tutoriels vid\u00e9o | Locations | Financements | Assurances | Un service apr\u00e8s-vente d&#039;exception.\" \/>\n<meta property=\"og:url\" content=\"https:\/\/www.camac-harps.com\/fr\/video-guides\/\" \/>\n<meta property=\"og:site_name\" content=\"Camac Harps\" \/>\n<meta property=\"article:modified_time\" content=\"2026-01-21T09:25:41+00:00\" \/>\n<meta name=\"twitter:card\" content=\"summary_large_image\" \/>\n<meta name=\"twitter:label1\" content=\"Dur\u00e9e de lecture estim\u00e9e\" \/>\n\t<meta name=\"twitter:data1\" content=\"6 minutes\" \/>\n<script type=\"application\/ld+json\" class=\"yoast-schema-graph\">{\"@context\":\"https:\/\/schema.org\",\"@graph\":[{\"@type\":\"WebPage\",\"@id\":\"https:\/\/www.camac-harps.com\/fr\/video-guides\/\",\"url\":\"https:\/\/www.camac-harps.com\/fr\/video-guides\/\",\"name\":\"Vid\u00e9o, Guides & Tutos - Les Harpes Camac\",\"isPartOf\":{\"@id\":\"https:\/\/www.camac-harps.com\/fr\/#website\"},\"datePublished\":\"2022-06-22T16:09:29+00:00\",\"dateModified\":\"2026-01-21T09:25:41+00:00\",\"description\":\"Guides et ressources | Tutoriels vid\u00e9o | Locations | Financements | Assurances | Un service apr\u00e8s-vente d'exception.\",\"breadcrumb\":{\"@id\":\"https:\/\/www.camac-harps.com\/fr\/video-guides\/#breadcrumb\"},\"inLanguage\":\"fr-FR\",\"potentialAction\":[{\"@type\":\"ReadAction\",\"target\":[\"https:\/\/www.camac-harps.com\/fr\/video-guides\/\"]}]},{\"@type\":\"BreadcrumbList\",\"@id\":\"https:\/\/www.camac-harps.com\/fr\/video-guides\/#breadcrumb\",\"itemListElement\":[{\"@type\":\"ListItem\",\"position\":1,\"name\":\"Home\",\"item\":\"https:\/\/www.camac-harps.com\/fr\/\"},{\"@type\":\"ListItem\",\"position\":2,\"name\":\"Vid\u00e9o-Guides\"}]},{\"@type\":\"WebSite\",\"@id\":\"https:\/\/www.camac-harps.com\/fr\/#website\",\"url\":\"https:\/\/www.camac-harps.com\/fr\/\",\"name\":\"Camac Harps\",\"description\":\"\",\"potentialAction\":[{\"@type\":\"SearchAction\",\"target\":{\"@type\":\"EntryPoint\",\"urlTemplate\":\"https:\/\/www.camac-harps.com\/fr\/?s={search_term_string}\"},\"query-input\":{\"@type\":\"PropertyValueSpecification\",\"valueRequired\":true,\"valueName\":\"search_term_string\"}}],\"inLanguage\":\"fr-FR\"}]}<\/script>","yoast_head_json":{"title":"Vid\u00e9o, Guides & Tutos - Les Harpes Camac","description":"Guides et ressources | Tutoriels vid\u00e9o | Locations | Financements | Assurances | Un service apr\u00e8s-vente d'exception.","robots":{"index":"index","follow":"follow","max-snippet":"max-snippet:-1","max-image-preview":"max-image-preview:large","max-video-preview":"max-video-preview:-1"},"canonical":"https:\/\/www.camac-harps.com\/fr\/video-guides\/","og_locale":"fr_FR","og_type":"article","og_title":"Vid\u00e9o, Guides & Tutos - Les Harpes Camac","og_description":"Guides et ressources | Tutoriels vid\u00e9o | Locations | Financements | Assurances | Un service apr\u00e8s-vente d'exception.","og_url":"https:\/\/www.camac-harps.com\/fr\/video-guides\/","og_site_name":"Camac Harps","article_modified_time":"2026-01-21T09:25:41+00:00","twitter_card":"summary_large_image","twitter_misc":{"Dur\u00e9e de lecture estim\u00e9e":"6 minutes"},"schema":{"@context":"https:\/\/schema.org","@graph":[{"@type":"WebPage","@id":"https:\/\/www.camac-harps.com\/fr\/video-guides\/","url":"https:\/\/www.camac-harps.com\/fr\/video-guides\/","name":"Vid\u00e9o, Guides & Tutos - Les Harpes Camac","isPartOf":{"@id":"https:\/\/www.camac-harps.com\/fr\/#website"},"datePublished":"2022-06-22T16:09:29+00:00","dateModified":"2026-01-21T09:25:41+00:00","description":"Guides et ressources | Tutoriels vid\u00e9o | Locations | Financements | Assurances | Un service apr\u00e8s-vente d'exception.","breadcrumb":{"@id":"https:\/\/www.camac-harps.com\/fr\/video-guides\/#breadcrumb"},"inLanguage":"fr-FR","potentialAction":[{"@type":"ReadAction","target":["https:\/\/www.camac-harps.com\/fr\/video-guides\/"]}]},{"@type":"BreadcrumbList","@id":"https:\/\/www.camac-harps.com\/fr\/video-guides\/#breadcrumb","itemListElement":[{"@type":"ListItem","position":1,"name":"Home","item":"https:\/\/www.camac-harps.com\/fr\/"},{"@type":"ListItem","position":2,"name":"Vid\u00e9o-Guides"}]},{"@type":"WebSite","@id":"https:\/\/www.camac-harps.com\/fr\/#website","url":"https:\/\/www.camac-harps.com\/fr\/","name":"Camac Harps","description":"","potentialAction":[{"@type":"SearchAction","target":{"@type":"EntryPoint","urlTemplate":"https:\/\/www.camac-harps.com\/fr\/?s={search_term_string}"},"query-input":{"@type":"PropertyValueSpecification","valueRequired":true,"valueName":"search_term_string"}}],"inLanguage":"fr-FR"}]}},"_links":{"self":[{"href":"https:\/\/www.camac-harps.com\/fr\/wp-json\/wp\/v2\/pages\/41102","targetHints":{"allow":["GET"]}}],"collection":[{"href":"https:\/\/www.camac-harps.com\/fr\/wp-json\/wp\/v2\/pages"}],"about":[{"href":"https:\/\/www.camac-harps.com\/fr\/wp-json\/wp\/v2\/types\/page"}],"author":[{"embeddable":true,"href":"https:\/\/www.camac-harps.com\/fr\/wp-json\/wp\/v2\/users\/3"}],"replies":[{"embeddable":true,"href":"https:\/\/www.camac-harps.com\/fr\/wp-json\/wp\/v2\/comments?post=41102"}],"version-history":[{"count":11,"href":"https:\/\/www.camac-harps.com\/fr\/wp-json\/wp\/v2\/pages\/41102\/revisions"}],"predecessor-version":[{"id":46483,"href":"https:\/\/www.camac-harps.com\/fr\/wp-json\/wp\/v2\/pages\/41102\/revisions\/46483"}],"wp:attachment":[{"href":"https:\/\/www.camac-harps.com\/fr\/wp-json\/wp\/v2\/media?parent=41102"}],"curies":[{"name":"wp","href":"https:\/\/api.w.org\/{rel}","templated":true}]}}